{"id":444,"date":"2024-02-19T20:21:33","date_gmt":"2024-02-19T19:21:33","guid":{"rendered":"https:\/\/staging.yogalenka.com\/?page_id=444"},"modified":"2026-02-05T22:46:03","modified_gmt":"2026-02-05T21:46:03","slug":"yoga-for-musicians","status":"publish","type":"page","link":"https:\/\/yogalenka.com\/en\/individuelle-yogakurse-in-berlin\/yoga-fuer-musikerinnen\/","title":{"rendered":"Yoga for musicians and performers"},"content":{"rendered":"<p>I have been playing the violin since I was five years old. I love my job, but music and the performing arts require much more than just technical ability and creativity. These professions also require a high level of physical and mental stamina. As a professional violinist with many years of stage experience, I am very familiar with the challenges that musicians and performers face. Pressure to perform, stress, stage fright and muscular tension can have a significant impact on artistic performance and general well-being. With my yoga courses, I want to bring body, mind and soul back into harmony so that you can better cope with the demands of artistic life and continue to enjoy making music\/art to the full.<\/p>\n\n\n\n<p><h2>Individual practice sequences for musicians and performers<\/h2><br><p>In my yoga classes, I develop individual exercise sequences that are specifically tailored to the needs of individual musicians and performers.                    <\/p><br><ul><br><li><br><p><b>Breathing exercises<\/b>To regulate breathing, calm the nerves and sharpen concentration. These techniques are particularly helpful for finding inner peace before performances.<\/p><br><\/li><br><li><br><p><b>Meditation<\/b>To clear the mind and promote inner calm. This helps the artists to be focused and present on stage.<\/p><br><\/li><br><li><br><p><b>Concentration techniques<\/b>To strengthen your mental presence on stage and effectively counter stage fright. These techniques help to find the mental and physical balance needed to perform confidently and self-assuredly under pressure.<\/p><br><\/li><br><\/ul><br><h2>Relief for shoulders, neck, wrists and strengthening of the core<\/h2><br><p>The daily handling of instruments or performing tasks can put a lot of strain on the body, especially in the shoulders, wrists, neck and core. Repetitive, one-sided movements often lead to muscular imbalances, tension and pain. In my yoga classes, we therefore place particular emphasis on:<\/p><br><ul><br><li><br><p><b>Targeted mobilization<\/b>To promote mobility and specifically relieve tension.<\/p><br><\/li><br><li><br><p><b>Stretching exercises<\/b>To relax and lengthen the muscles, especially in the shoulder, neck and back area.<\/p><br><\/li><br><li><br><p><b>Strengthening exercises<\/b>To build a stable core and correct muscular imbalances.<\/p><br><\/li><br><\/ul><br><p>These exercises help to promote healthy posture, which not only prevents pain, but also improves physical stamina and stage presence.<\/p><br><h2>Relaxation through meditation, yoga nidra and yin yoga<\/h2><br><p>After an intensive concert or a demanding rehearsal, it is essential to calm and regenerate body and mind. This is where we use various forms of meditation, yoga nidra and yin yoga:<\/p><br><ul><br><li><br><p><b>Meditation techniques<\/b>These help to calm the mind and organize thoughts, which is particularly important after a strenuous performance.<\/p><br><\/li><br><li><br><p><b>Yin Yoga<\/b>This gentle, meditative form of yoga promotes deep relaxation and supports the regeneration of the body. The long, passive stretches work deep into the muscles and connective tissue, releasing tension and contributing to mental serenity.<\/p><br><\/li><br><li><br><p><b>Yoga Nidra<\/b>Also known as the \"yogi's sleep\", yoga nidra is a guided deep relaxation that refreshes the mind and fully regenerates the body. This technique can be particularly beneficial after intense periods of rehearsal or performance.<\/p><br><\/li><br><\/ul><br><p>These practices not only support physical recovery, but also mental regeneration, so that artists can start their next rehearsal or performance with full energy and clear focus.<\/p><br><h2>Why yoga for musicians and performers?<\/h2><br><p>Yoga is much more than a physical exercise - it is a holistic system that balances body and mind. For musicians and performers, who often work under high pressure and have to deliver exceptional physical and mental performances, yoga offers the tools they need to stay healthy and productive. Whether in preparation for a big performance or to recover afterwards, yoga enriches and supports the everyday life of artists in many ways.<\/p><\/p>\n\n\n\n<p><\/p>","protected":false},"excerpt":{"rendered":"<p>Ich spiele seit meinem f\u00fcnften Lebensjahr Geige. Ich liebe meinen Beruf, jedoch verlangen Musik und auch darstellende Kunst weit mehr als nur technisches K\u00f6nnen und Kreativit\u00e4t. Diese Berufe erfordern auch eine hohe k\u00f6rperliche und geistige Ausdauer. Als professionelle Geigerin mit langj\u00e4hriger B\u00fchnenerfahrung kenne ich sehr gut die Herausforderungen, mit denen Musikerinnen und Darstellerinnen konfrontiert sind. [&hellip;]<\/p>\n","protected":false},"author":1,"featured_media":399,"parent":362,"menu_order":6,"comment_status":"closed","ping_status":"closed","template":"","meta":{"_acf_changed":false,"footnotes":""},"page-cat":[6],"class_list":["post-444","page","type-page","status-publish","has-post-thumbnail","hentry","page-cat-kurs"],"acf":[],"_links":{"self":[{"href":"https:\/\/yogalenka.com\/en\/wp-json\/wp\/v2\/pages\/444","targetHints":{"allow":["GET"]}}],"collection":[{"href":"https:\/\/yogalenka.com\/en\/wp-json\/wp\/v2\/pages"}],"about":[{"href":"https:\/\/yogalenka.com\/en\/wp-json\/wp\/v2\/types\/page"}],"author":[{"embeddable":true,"href":"https:\/\/yogalenka.com\/en\/wp-json\/wp\/v2\/users\/1"}],"replies":[{"embeddable":true,"href":"https:\/\/yogalenka.com\/en\/wp-json\/wp\/v2\/comments?post=444"}],"version-history":[{"count":20,"href":"https:\/\/yogalenka.com\/en\/wp-json\/wp\/v2\/pages\/444\/revisions"}],"predecessor-version":[{"id":1733,"href":"https:\/\/yogalenka.com\/en\/wp-json\/wp\/v2\/pages\/444\/revisions\/1733"}],"up":[{"embeddable":true,"href":"https:\/\/yogalenka.com\/en\/wp-json\/wp\/v2\/pages\/362"}],"wp:featuredmedia":[{"embeddable":true,"href":"https:\/\/yogalenka.com\/en\/wp-json\/wp\/v2\/media\/399"}],"wp:attachment":[{"href":"https:\/\/yogalenka.com\/en\/wp-json\/wp\/v2\/media?parent=444"}],"wp:term":[{"taxonomy":"page-cat","embeddable":true,"href":"https:\/\/yogalenka.com\/en\/wp-json\/wp\/v2\/page-cat?post=444"}],"curies":[{"name":"wp","href":"https:\/\/api.w.org\/{rel}","templated":true}]}}