{"id":364,"date":"2024-02-19T19:24:34","date_gmt":"2024-02-19T18:24:34","guid":{"rendered":"https:\/\/staging.yogalenka.com\/?page_id=364"},"modified":"2025-07-12T16:01:42","modified_gmt":"2025-07-12T14:01:42","slug":"contact-imprint","status":"publish","type":"page","link":"https:\/\/yogalenka.com\/en\/kontakt-impressum\/","title":{"rendered":"Contact \/ Imprint"},"content":{"rendered":"<h2>Responsible for the content<\/h2>\n<p>Lenka Zupkova<br \/>\nCertified Vinyasa and Yin Yoga teacher<br \/>\nyogalenka8@gmail.com<br \/>\nTel. 0151.20173376<\/p>\n<p>Responsible for the content of the website:<br \/>\nLenka Zupkova<\/p>\n<h2>Disclaimer<\/h2>\n<p>The regular practice of yoga does not replace medical diagnosis and treatment, but supports it in a positive and highly effective way.<\/p>\n<h3><b>Personal responsibility and liability<\/b><\/h3>\n<p>The participant and\/or yoga student is aware that he\/she takes part in the courses at his\/her own risk. The provider\/yoga teacher accepts no liability of any kind, including for any resulting consequences.<\/p>\n<h3><b>Disclaimer<\/b><\/h3>\n<p>Yoga practice carries a risk of injury and discomfort (both physical and psychological), especially if the postures and sequences are performed incorrectly.<\/p>\n<p>Participation in yoga classes is at the participant's own risk. The prerequisite for participation is general health (physical, mental and healthy feeling). In case of illness, physical limitations, physical or psychological issues or similar, please discuss your participation with your doctor beforehand. The provider\/yoga teacher does not make any diagnoses.<\/p>\n<p>Liability on the part of the provider\/yoga teacher for personal injury, property damage and financial loss is excluded. The provider\/yoga teacher is liable for the proper functioning of the aids provided by her (mats, belts, blocks, blankets, etc.). However, the provider is not liable for damage to health suffered by course participants as a result of participating in the courses offered, nor for accidents caused by the participants themselves. The provider\/yoga teacher accepts no liability for any property or valuables brought along.<\/p>\n<p>\ud83e\uddd1\u200d\ud83c\udf3e <a href=\"https:\/\/mainetcare.de\" target=\"_blank\" rel=\"noopener\">Website programming and maintenance by MaiNetCare, your website gardeners from Berlin<\/a><\/p>","protected":false},"excerpt":{"rendered":"<p>Verantwortlich f\u00fcr den Inhalt Lenka Zupkova zertifizierte Vinyasa- u. Yin YogaLehrerin yogalenka8@gmail.com Tel. 0151.20173376 Verantwortlich f\u00fcr den Inhalt der Webseite: Lenka Zupkova Haftungsausschluss Das regelm\u00e4\u00dfige \u00dcben von Yoga ersetzt keine \u00e4rztliche Diagnose und Behandlung, unterst\u00fctzt diese jedoch positiv sinnvoll und h\u00f6chst effektiv. Eigenverantwortung und Haftung Der\/m Teilnehmer\/in und\/oder Yogasch\u00fcler\/in ist bekannt, auf eigene Verantwortung an [&hellip;]<\/p>\n","protected":false},"author":1,"featured_media":0,"parent":0,"menu_order":12,"comment_status":"closed","ping_status":"closed","template":"","meta":{"_acf_changed":false,"footnotes":""},"page-cat":[6],"class_list":["post-364","page","type-page","status-publish","hentry","page-cat-kurs"],"acf":[],"_links":{"self":[{"href":"https:\/\/yogalenka.com\/en\/wp-json\/wp\/v2\/pages\/364","targetHints":{"allow":["GET"]}}],"collection":[{"href":"https:\/\/yogalenka.com\/en\/wp-json\/wp\/v2\/pages"}],"about":[{"href":"https:\/\/yogalenka.com\/en\/wp-json\/wp\/v2\/types\/page"}],"author":[{"embeddable":true,"href":"https:\/\/yogalenka.com\/en\/wp-json\/wp\/v2\/users\/1"}],"replies":[{"embeddable":true,"href":"https:\/\/yogalenka.com\/en\/wp-json\/wp\/v2\/comments?post=364"}],"version-history":[{"count":34,"href":"https:\/\/yogalenka.com\/en\/wp-json\/wp\/v2\/pages\/364\/revisions"}],"predecessor-version":[{"id":1113,"href":"https:\/\/yogalenka.com\/en\/wp-json\/wp\/v2\/pages\/364\/revisions\/1113"}],"wp:attachment":[{"href":"https:\/\/yogalenka.com\/en\/wp-json\/wp\/v2\/media?parent=364"}],"wp:term":[{"taxonomy":"page-cat","embeddable":true,"href":"https:\/\/yogalenka.com\/en\/wp-json\/wp\/v2\/page-cat?post=364"}],"curies":[{"name":"wp","href":"https:\/\/api.w.org\/{rel}","templated":true}]}}